{"id":8341,"date":"2022-06-14T11:30:39","date_gmt":"2022-06-14T11:30:39","guid":{"rendered":"https:\/\/www.londonbestransfers.com\/privacy-policy\/"},"modified":"2022-10-06T21:26:48","modified_gmt":"2022-10-06T21:26:48","slug":"privacy-policy","status":"publish","type":"page","link":"https:\/\/www.londonbestransfers.com\/es\/privacy-policy\/","title":{"rendered":"Pol\u00edtica de privacidad"},"content":{"rendered":"\n<p>Las actividades de la pol\u00edtica de privacidad<br>Esta pol\u00edtica de privacidad establece la manera en que londonbestransfers utiliza para proteger la informaci\u00f3n que proporcione londonbestransfers al usar este sitio. londonbestranfers se compromete a garantizar que su privacidad est\u00e1 protegida. Tenemos que pedirle que proporcione cierta informaci\u00f3n que puede ser identificado al usar este sitio web, usted puede estar seguro de que ser\u00e1n utilizados \u00fanicamente de acuerdo con esta pol\u00edtica de privacidad. londonbestransfers puede cambiar esta pol\u00edtica de vez en cuando al actualizar esta p\u00e1gina. Usted debe visitar esta p\u00e1gina de vez en cuando para asegurarse de estar actualizado con los cambios. Esta pol\u00edtica es efectiva desde el 23\/08\/2001<\/p>\n\n\n\n<p>Lo que obtenemos<br>Podemos recoger la siguiente informaci\u00f3n:<\/p>\n\n\n\n<p>El nombre y la ocupaci\u00f3n<br>Informaci\u00f3n de contacto, incluyendo e-mail<br>Informaci\u00f3n demogr\u00e1fica como c\u00f3digo postal, preferencias e intereses<br>Otra informaci\u00f3n relevante para el servicio al cliente y \/ o ofertas<br>Qu\u00e9 hacemos con la informaci\u00f3n que recopilamos<br>Necesitamos esta informaci\u00f3n para entender sus necesidades y ofrecerle un mejor servicio, y en particular por las siguientes razones:<\/p>\n\n\n\n<p>Almacenamiento interno.<br>Puede utilizar la informaci\u00f3n para mejorar nuestros productos y servicios.<br>Ante la posibilidad de enviar correos electr\u00f3nicos promocionales sobre nuevos productos, ofertas especiales u otra informaci\u00f3n que pensamos que puede resultar interesante utilizar la direcci\u00f3n de correo electr\u00f3nico que ha proporcionado.<br>De vez en cuando, tambi\u00e9n podemos utilizar los datos para contactar con usted para fines de investigaci\u00f3n de mercado. Se le puede contactar v\u00eda e-mail, tel\u00e9fono, fax o correo. Nosotros usamos la informaci\u00f3n para personalizar el sitio web de acuerdo a sus intereses.<br>Seguridad<br>Estamos comprometidos a asegurar que su informaci\u00f3n est\u00e1 a salvo. Para evitar el acceso no autorizado o divulgaci\u00f3n, hemos puesto en marcha las medidas apropiadas f\u00edsicas, electr\u00f3nicas y gerenciales para salvaguardar y asegurar la informaci\u00f3n que recopilamos en l\u00ednea.<\/p>\n\n\n\n<p>Los enlaces a otros sitios<br>Nuestro sitio puede contener enlaces a otros sitios de inter\u00e9s. Sin embargo, una vez que haya utilizado estos enlaces para salir de nuestro sitio, debe tener en cuenta que no tenemos control sobre otros sitios web. Por lo tanto, no podemos ser responsables de la protecci\u00f3n y confidencialidad de la informaci\u00f3n que usted proporciona durante su visita a estos sitios y estos sitios no se rigen por la presente declaraci\u00f3n de privacidad. Usted debe tener cuidado y leer la declaraci\u00f3n de privacidad aplicable al sitio en cuesti\u00f3n.<\/p>\n\n\n\n<p>Revise su personal<br>Usted puede optar por restringir la recopilaci\u00f3n o el uso de su informaci\u00f3n personal de las siguientes maneras:<\/p>\n\n\n\n<p>Cuando se le pide que rellene un formulario en el sitio web, busque la casilla que puede hacer clic para indicar que no desea que la informaci\u00f3n pueda ser utilizada por cualquier persona con fines de marketing directo<br>Si usted no ha acordado con nosotros a trav\u00e9s de su informaci\u00f3n personal para prop\u00f3sitos de marketing directo, puede cambiar de opini\u00f3n en cualquier momento por escrito o por correo electr\u00f3nico a privacy@londonbestransfers.com<br>No vamos a vender, distribuir o alquilar\u00e1 su informaci\u00f3n personal a terceros sin su permiso o si se nos requiere por ley a hacerlo. Podemos usar su informaci\u00f3n personal para enviarle informaci\u00f3n promocional a terceros que pensamos que s\u00f3lo es de inter\u00e9s si el cliente quiere que esto suceda. Usted puede solicitar los detalles de la informaci\u00f3n personal que tenemos sobre usted en la Ley de Protecci\u00f3n de Datos de 1998. Una peque\u00f1a cantidad se deben pagar. Si desea una copia de la informaci\u00f3n sobre usted por favor escribir a privacy@londonbestransfers.com<br>Si usted cree que cualquier informaci\u00f3n que tenemos sobre usted es incorrecta o incompleta, por favor escriba o e-mail tan pronto como sea posible, a la direcci\u00f3n anterior. A la brevedad se corrija cualquier informaci\u00f3n incorrecta.<\/p>\n","protected":false},"excerpt":{"rendered":"<p>Las actividades de la pol\u00edtica de privacidadEsta pol\u00edtica de privacidad establece la manera en que londonbestransfers utiliza para proteger la informaci\u00f3n que proporcione londonbestransfers al usar este sitio. londonbestranfers se compromete a garantizar que su privacidad est\u00e1 protegida. Tenemos que pedirle que proporcione cierta informaci\u00f3n que puede ser identificado al usar este sitio web, usted [&hellip;]<\/p>\n","protected":false},"author":1,"featured_media":0,"parent":0,"menu_order":0,"comment_status":"closed","ping_status":"open","template":"","meta":{"footnotes":""},"class_list":["post-8341","page","type-page","status-publish","hentry"],"_links":{"self":[{"href":"https:\/\/www.londonbestransfers.com\/es\/wp-json\/wp\/v2\/pages\/8341","targetHints":{"allow":["GET"]}}],"collection":[{"href":"https:\/\/www.londonbestransfers.com\/es\/wp-json\/wp\/v2\/pages"}],"about":[{"href":"https:\/\/www.londonbestransfers.com\/es\/wp-json\/wp\/v2\/types\/page"}],"author":[{"embeddable":true,"href":"https:\/\/www.londonbestransfers.com\/es\/wp-json\/wp\/v2\/users\/1"}],"replies":[{"embeddable":true,"href":"https:\/\/www.londonbestransfers.com\/es\/wp-json\/wp\/v2\/comments?post=8341"}],"version-history":[{"count":2,"href":"https:\/\/www.londonbestransfers.com\/es\/wp-json\/wp\/v2\/pages\/8341\/revisions"}],"predecessor-version":[{"id":8423,"href":"https:\/\/www.londonbestransfers.com\/es\/wp-json\/wp\/v2\/pages\/8341\/revisions\/8423"}],"wp:attachment":[{"href":"https:\/\/www.londonbestransfers.com\/es\/wp-json\/wp\/v2\/media?parent=8341"}],"curies":[{"name":"wp","href":"https:\/\/api.w.org\/{rel}","templated":true}]}}