{"id":8325,"date":"2022-07-20T10:22:17","date_gmt":"2022-07-20T10:22:17","guid":{"rendered":"https:\/\/www.londonbestransfers.com\/cookie-policy\/"},"modified":"2022-10-06T15:17:57","modified_gmt":"2022-10-06T15:17:57","slug":"cookie-policy","status":"publish","type":"page","link":"https:\/\/www.londonbestransfers.com\/es\/cookie-policy\/","title":{"rendered":"Cookie Policy"},"content":{"rendered":"\n<p>Questo sito web utilizza i cookie. Per offrirti il miglior servizio possibile il sito utilizza cookie tecnici e di profilazione.<br>Proseguendo la navigazione, accetti le nostre modalit\u00e0 d&#8217;uso dei cookie.<br>Puoi prendere visione dell&#8217;informativa sui Cookie cliccando qui.<\/p>\n\n\n\n<p>I cookie sono piccoli file di testo che possono essere utilizzati dai siti web per rendere pi\u00f9 efficiente l&#8217;esperienza per l&#8217;utente.<\/p>\n\n\n\n<p>La legge afferma che possiamo memorizzare i cookie sul suo dispositivo se sono strettamente necessari per il funzionamento di questo sito. Per tutti gli altri tipi di cookie abbiamo bisogno del suo permesso.<\/p>\n\n\n\n<p>Questo sito utilizza diversi tipi di cookie. Alcuni cookie sono collocate da servizi di terzi che compaiono sulle nostre pagine.<\/p>\n\n\n\n<p>In qualsiasi momento \u00e8 possibile modificare o revocare il proprio consenso dalla Dichiarazione dei cookie sul nostro sito Web.<\/p>\n\n\n\n<p>Scopra di pi\u00f9 su chi siamo, come pu\u00f2 contattarci e come trattiamo i dati personali nella nostra Informativa sulla privacy.<\/p>\n\n\n\n<p>Il tuo consenso si applica ai seguenti siti web: www.londonbestransfers.com<\/p>\n\n\n\n<p>Il tuo stato attuale: Rifiuta.<br>ID del consenso: u\/qSPKEv9PCwLckz9csFjnzr4IZLNVJZpJQ9qroyS2JgvRYI+sDXsQ==<br>Data del consenso: luned\u00ec 18 luglio 2022 10:12:57 CEST<\/p>\n\n\n\n<p>Modifica consenso<br>Dichiarazione Cookie aggiornata l&#8217;ultima volta il 23\/06\/22 da Cookiebot:<\/p>\n\n\n\n<p>Necessario (4)<\/p>\n\n\n\n<p>I cookie necessari aiutano a contribuire a rendere fruibile un sito web abilitando le funzioni di base come la navigazione della pagina e l&#8217;accesso alle aree protette del sito. Il sito web non pu\u00f2 funzionare correttamente senza questi cookie.<\/p>\n\n\n\n<p>Nome Fornitore Scopo Scadenza Tipo<br>CookieConsent Cookiebot Memorizza lo stato del consenso ai cookie dell&#8217;utente per il dominio corrente 1 anno HTTP Cookie<br>PHPSESSID www.londonbestransfers.com Preserva gli stati dell&#8217;utente nelle diverse pagine del sito. Session HTTP Cookie<br>SESS# GetYourGuide Preserva gli stati dell&#8217;utente nelle diverse pagine del sito. Session HTTP Cookie<br>visitor_id GetYourGuide Preserva gli stati dell&#8217;utente nelle diverse pagine del sito. 5 anni HTTP Cookie<br>Preferenze (1)<\/p>\n\n\n\n<p>I cookie per le preferenze consentono a un sito web di ricordare le informazioni che influenzano il modo in cui il sito si comporta o si presenta, come la lingua preferita o la regione che ti trovi<\/p>\n\n\n\n<p>Nome Fornitore Scopo Scadenza Tipo<br>i18n_redirected GetYourGuide Determina la lingua preferita del visitatore. Consente al sito web di impostare la lingua preferita al rientro del visitatore. 1 anno HTTP Cookie<br>Statistiche (3)<\/p>\n\n\n\n<p>I cookie statistici aiutano i proprietari del sito web a capire come i visitatori interagiscono con i siti raccogliendo e trasmettendo informazioni in forma anonima.<\/p>\n\n\n\n<p>Nome Fornitore Scopo Scadenza Tipo<br>_ga Google Registra un ID univoco utilizzato per generare dati statistici su come il visitatore utilizza il sito internet. 2 anni HTTP Cookie<br>_gat Google Utilizzato da Google Analytics per limitare la frequenza delle richieste 1 giorno HTTP Cookie<br>_gid Google Registra un ID univoco utilizzato per generare dati statistici su come il visitatore utilizza il sito internet. 1 giorno HTTP Cookie<br>Marketing (3)<\/p>\n\n\n\n<p>I cookie per il marketing vengono utilizzati per monitorare i visitatori nei siti web. L&#8217;intento \u00e8 quello di visualizzare annunci pertinenti e coinvolgenti per il singolo utente e quindi quelli di maggior valore per gli editori e gli inserzionisti terzi.<\/p>\n\n\n\n<p>Nome Fornitore Scopo Scadenza Tipo<br>fbssls_# Meta Platforms, Inc. Raccoglie dati sull&#8217;uso da parte del visitatore del sistema di commenti sul sito web e su quali blog \/ articoli ha letto. Questo pu\u00f2 essere usato per scopi di marketing. Session HTML Local Storage<br>gyg_visitor_id GetYourGuide Utilizzato in combinazione con l&#8217;integrazione di viaggio\/prenotazione che permette agli utenti di cercare opportunit\u00e0 di vacanza e di viaggio rilevanti. Il cookie raccoglie informazioni sui criteri di ricerca per le promozioni e pubblicit\u00e0 rilevanti. Session HTML Local Storage<br>partner_id GetYourGuide Presenta al\u00bbutente contenuti e pubblicit\u00e0 pertinenti: il servizio \u00e8 fornito da hub di pubblicit\u00e0 di terze parti, che facilitano le offerte in tempo reale per gli inserzionisti. Persistent HTML Local Storage<\/p>\n","protected":false},"excerpt":{"rendered":"<p>Questo sito web utilizza i cookie. Per offrirti il miglior servizio possibile il sito utilizza cookie tecnici e di profilazione.Proseguendo la navigazione, accetti le nostre modalit\u00e0 d&#8217;uso dei cookie.Puoi prendere visione dell&#8217;informativa sui Cookie cliccando qui. I cookie sono piccoli file di testo che possono essere utilizzati dai siti web per rendere pi\u00f9 efficiente l&#8217;esperienza [&hellip;]<\/p>\n","protected":false},"author":1,"featured_media":0,"parent":0,"menu_order":0,"comment_status":"closed","ping_status":"closed","template":"","meta":{"footnotes":""},"class_list":["post-8325","page","type-page","status-publish","hentry"],"_links":{"self":[{"href":"https:\/\/www.londonbestransfers.com\/es\/wp-json\/wp\/v2\/pages\/8325","targetHints":{"allow":["GET"]}}],"collection":[{"href":"https:\/\/www.londonbestransfers.com\/es\/wp-json\/wp\/v2\/pages"}],"about":[{"href":"https:\/\/www.londonbestransfers.com\/es\/wp-json\/wp\/v2\/types\/page"}],"author":[{"embeddable":true,"href":"https:\/\/www.londonbestransfers.com\/es\/wp-json\/wp\/v2\/users\/1"}],"replies":[{"embeddable":true,"href":"https:\/\/www.londonbestransfers.com\/es\/wp-json\/wp\/v2\/comments?post=8325"}],"version-history":[{"count":1,"href":"https:\/\/www.londonbestransfers.com\/es\/wp-json\/wp\/v2\/pages\/8325\/revisions"}],"predecessor-version":[{"id":8328,"href":"https:\/\/www.londonbestransfers.com\/es\/wp-json\/wp\/v2\/pages\/8325\/revisions\/8328"}],"wp:attachment":[{"href":"https:\/\/www.londonbestransfers.com\/es\/wp-json\/wp\/v2\/media?parent=8325"}],"curies":[{"name":"wp","href":"https:\/\/api.w.org\/{rel}","templated":true}]}}